{"id":93,"date":"2018-04-13T16:23:10","date_gmt":"2018-04-13T14:23:10","guid":{"rendered":"http:\/\/petra-bartoli.de\/?page_id=93"},"modified":"2025-02-26T10:17:41","modified_gmt":"2025-02-26T09:17:41","slug":"radio","status":"publish","type":"page","link":"https:\/\/petra-bartoli.de\/index.php\/radio\/","title":{"rendered":"Radio &#038; Podcast"},"content":{"rendered":"<h3><\/h3>\n<h3>Podcast<\/h3>\n<h4><strong><a href=\"https:\/\/linktr.ee\/bayern.kurios_\" target=\"_blank\" rel=\"noopener\">Bayern kurios \u2013 Erstaunliches, Verbl\u00fcffendes und Kurioses aus Bayern<\/a><a href=\"https:\/\/www.instagram.com\/bayern.kurios\/\">. <\/a><\/strong><\/h4>\n<p>Bayern! Der k\u00e4lteste Ort Deutschlands liegt hier. Das tiefste Landbohrloch der Welt ebenso. In Bayern werden au\u00dfergew\u00f6hnliche Rekorde aufgestellt und bahnbrechende Erfindungen gemacht. Etliche weltber\u00fchmte Pers\u00f6nlichkeiten haben eine ganz besondere Verbindung zu Bayern. Nirgendwo anders schimpft man so ausgiebig und gleichzeitig so wortkarg. Unbedingt reinh\u00f6ren!<\/p>\n<p><a href=\"https:\/\/www.instagram.com\/bayern.kurios\/\" target=\"_blank\" rel=\"https:\/\/www.instagram.com\/bayern.kurios\/ noopener\"><img loading=\"lazy\" decoding=\"async\" class=\"alignnone wp-image-1055 size-medium\" src=\"https:\/\/petra-bartoli.de\/wp-content\/uploads\/2024\/11\/241106_bayern-kurios_podcast-cover_1400x1400px_RZ-300x300.jpg\" alt=\"\" width=\"300\" height=\"300\" srcset=\"https:\/\/petra-bartoli.de\/wp-content\/uploads\/2024\/11\/241106_bayern-kurios_podcast-cover_1400x1400px_RZ-300x300.jpg 300w, https:\/\/petra-bartoli.de\/wp-content\/uploads\/2024\/11\/241106_bayern-kurios_podcast-cover_1400x1400px_RZ-1024x1024.jpg 1024w, https:\/\/petra-bartoli.de\/wp-content\/uploads\/2024\/11\/241106_bayern-kurios_podcast-cover_1400x1400px_RZ-150x150.jpg 150w, https:\/\/petra-bartoli.de\/wp-content\/uploads\/2024\/11\/241106_bayern-kurios_podcast-cover_1400x1400px_RZ-768x768.jpg 768w, https:\/\/petra-bartoli.de\/wp-content\/uploads\/2024\/11\/241106_bayern-kurios_podcast-cover_1400x1400px_RZ.jpg 1400w\" sizes=\"auto, (max-width: 300px) 100vw, 300px\" \/><\/a><\/p>\n<h3><\/h3>\n<h3><\/h3>\n<h3>Radiogeschichten f\u00fcr Kinder<\/h3>\n<h4><a href=\"https:\/\/www.ohrenbaer.de\/wir\/autorinnen\/1000206.html\" target=\"_blank\" rel=\"noopener\"><strong>Ohrenb\u00e4r \u2013 Radiogeschichten f\u00fcr Kleine Leute\u00a0<\/strong><\/a><\/h4>\n<figure id=\"attachment_765\" aria-describedby=\"caption-attachment-765\" style=\"width: 200px\" class=\"wp-caption alignnone\"><img loading=\"lazy\" decoding=\"async\" class=\" wp-image-765\" src=\"https:\/\/petra-bartoli.de\/wp-content\/uploads\/2019\/03\/Ohrenbaer_Bild-Schrift_mit-888_petrol-und-weiss.jpg\" alt=\"\" width=\"200\" height=\"141\" srcset=\"https:\/\/petra-bartoli.de\/wp-content\/uploads\/2019\/03\/Ohrenbaer_Bild-Schrift_mit-888_petrol-und-weiss.jpg 2480w, https:\/\/petra-bartoli.de\/wp-content\/uploads\/2019\/03\/Ohrenbaer_Bild-Schrift_mit-888_petrol-und-weiss-300x211.jpg 300w, https:\/\/petra-bartoli.de\/wp-content\/uploads\/2019\/03\/Ohrenbaer_Bild-Schrift_mit-888_petrol-und-weiss-768x541.jpg 768w, https:\/\/petra-bartoli.de\/wp-content\/uploads\/2019\/03\/Ohrenbaer_Bild-Schrift_mit-888_petrol-und-weiss-1024x722.jpg 1024w\" sizes=\"auto, (max-width: 200px) 100vw, 200px\" \/><figcaption id=\"caption-attachment-765\" class=\"wp-caption-text\">Petra Bartoli y Eckert bei Ohrenbaer rbb<\/figcaption><\/figure>\n<p>Mehrere \u201eOhrenb\u00e4r\u201c-Geschichten sind seit 2008 bei rbb erschienen.<\/p>\n<h4><a href=\"https:\/\/www.br.de\/kinder\/hoeren\/betthupferl\/index.html\" target=\"_blank\" rel=\"noopener\"><strong>Radiogeschichten \u201eBetthupferl\u201c<\/strong><\/a><\/h4>\n<figure id=\"attachment_198\" aria-describedby=\"caption-attachment-198\" style=\"width: 200px\" class=\"wp-caption alignnone\"><a href=\"https:\/\/www.br.de\/mediathek\/podcast\/betthupferl\/596\"><img loading=\"lazy\" decoding=\"async\" class=\"size-full wp-image-198\" src=\"http:\/\/petra-bartoli.de\/wp-content\/uploads\/2018\/04\/betthupferl-logo.jpg\" alt=\"Petra Bartoli f\u00fcr Betthupferl im Bayerischen Rundfunk\" width=\"200\" height=\"60\" \/><\/a><figcaption id=\"caption-attachment-198\" class=\"wp-caption-text\">Petra Bartoli f\u00fcr Betthupferl im Bayerischen Rundfunk<\/figcaption><\/figure>\n<p>Mehrere \u201eBetthupferl\u201c-Geschichten sind von mir im Bayerischen Rundfunk erschienen.<\/p>\n","protected":false},"excerpt":{"rendered":"<p>Podcast Bayern kurios \u2013 Erstaunliches, Verbl\u00fcffendes und Kurioses aus Bayern. Bayern! Der k\u00e4lteste Ort Deutschlands liegt hier. Das tiefste Landbohrloch der Welt ebenso. In Bayern werden au\u00dfergew\u00f6hnliche Rekorde aufgestellt und bahnbrechende Erfindungen gemacht. Etliche weltber\u00fchmte Pers\u00f6nlichkeiten haben eine ganz besondere Verbindung zu Bayern. Nirgendwo anders schimpft man so ausgiebig und gleichzeitig so wortkarg. Unbedingt reinh\u00f6ren! [&hellip;]<\/p>\n","protected":false},"author":1,"featured_media":0,"parent":0,"menu_order":3,"comment_status":"closed","ping_status":"closed","template":"","meta":{"footnotes":""},"class_list":["post-93","page","type-page","status-publish","hentry"],"_links":{"self":[{"href":"https:\/\/petra-bartoli.de\/index.php\/wp-json\/wp\/v2\/pages\/93","targetHints":{"allow":["GET"]}}],"collection":[{"href":"https:\/\/petra-bartoli.de\/index.php\/wp-json\/wp\/v2\/pages"}],"about":[{"href":"https:\/\/petra-bartoli.de\/index.php\/wp-json\/wp\/v2\/types\/page"}],"author":[{"embeddable":true,"href":"https:\/\/petra-bartoli.de\/index.php\/wp-json\/wp\/v2\/users\/1"}],"replies":[{"embeddable":true,"href":"https:\/\/petra-bartoli.de\/index.php\/wp-json\/wp\/v2\/comments?post=93"}],"version-history":[{"count":19,"href":"https:\/\/petra-bartoli.de\/index.php\/wp-json\/wp\/v2\/pages\/93\/revisions"}],"predecessor-version":[{"id":1090,"href":"https:\/\/petra-bartoli.de\/index.php\/wp-json\/wp\/v2\/pages\/93\/revisions\/1090"}],"wp:attachment":[{"href":"https:\/\/petra-bartoli.de\/index.php\/wp-json\/wp\/v2\/media?parent=93"}],"curies":[{"name":"wp","href":"https:\/\/api.w.org\/{rel}","templated":true}]}}