{"id":76,"date":"2018-04-13T16:16:53","date_gmt":"2018-04-13T14:16:53","guid":{"rendered":"http:\/\/petra-bartoli.de\/?page_id=76"},"modified":"2021-02-12T16:43:34","modified_gmt":"2021-02-12T15:43:34","slug":"buecher","status":"publish","type":"page","link":"https:\/\/petra-bartoli.de\/index.php\/buecher\/","title":{"rendered":"B\u00fccher"},"content":{"rendered":"<h1>Meine B\u00fccher<\/h1>\n<p>Hier findet Ihr alle B\u00fccher von mir \u2013 f\u00fcr Kinder, Jugendliche und Erwachsene.<\/p>\n<ul>\n<li><a href=\"https:\/\/petra-bartoli.de\/index.php\/buecher\/kinderbuecher\/\">Kinderb\u00fccher<\/a><\/li>\n<li><a href=\"https:\/\/petra-bartoli.de\/index.php\/buecher\/jugendbuecher\/\">Jugendb\u00fccher<\/a><\/li>\n<li><a href=\"https:\/\/petra-bartoli.de\/index.php\/buecher\/buecher-fuer-erwachsene\/\">B\u00fccher f\u00fcr Erwachsene<\/a><\/li>\n<\/ul>\n\n\n<p><\/p>\n","protected":false},"excerpt":{"rendered":"<p>Meine B\u00fccher Hier findet Ihr alle B\u00fccher von mir \u2013 f\u00fcr Kinder, Jugendliche und Erwachsene. Kinderb\u00fccher Jugendb\u00fccher B\u00fccher f\u00fcr Erwachsene<\/p>\n","protected":false},"author":1,"featured_media":81,"parent":0,"menu_order":2,"comment_status":"closed","ping_status":"closed","template":"","meta":{"footnotes":""},"class_list":["post-76","page","type-page","status-publish","has-post-thumbnail","hentry"],"_links":{"self":[{"href":"https:\/\/petra-bartoli.de\/index.php\/wp-json\/wp\/v2\/pages\/76","targetHints":{"allow":["GET"]}}],"collection":[{"href":"https:\/\/petra-bartoli.de\/index.php\/wp-json\/wp\/v2\/pages"}],"about":[{"href":"https:\/\/petra-bartoli.de\/index.php\/wp-json\/wp\/v2\/types\/page"}],"author":[{"embeddable":true,"href":"https:\/\/petra-bartoli.de\/index.php\/wp-json\/wp\/v2\/users\/1"}],"replies":[{"embeddable":true,"href":"https:\/\/petra-bartoli.de\/index.php\/wp-json\/wp\/v2\/comments?post=76"}],"version-history":[{"count":9,"href":"https:\/\/petra-bartoli.de\/index.php\/wp-json\/wp\/v2\/pages\/76\/revisions"}],"predecessor-version":[{"id":855,"href":"https:\/\/petra-bartoli.de\/index.php\/wp-json\/wp\/v2\/pages\/76\/revisions\/855"}],"wp:featuredmedia":[{"embeddable":true,"href":"https:\/\/petra-bartoli.de\/index.php\/wp-json\/wp\/v2\/media\/81"}],"wp:attachment":[{"href":"https:\/\/petra-bartoli.de\/index.php\/wp-json\/wp\/v2\/media?parent=76"}],"curies":[{"name":"wp","href":"https:\/\/api.w.org\/{rel}","templated":true}]}}